{"id":3058,"date":"2020-02-12T13:11:38","date_gmt":"2020-02-12T12:11:38","guid":{"rendered":"https:\/\/skaarupoerecamping.dk\/book-a-spot\/"},"modified":"2025-07-31T14:22:45","modified_gmt":"2025-07-31T12:22:45","slug":"book-a-spot","status":"publish","type":"page","link":"https:\/\/skaarupoerecamping.dk\/en\/book-a-spot\/","title":{"rendered":"Book a Spot"},"content":{"rendered":"<section class=\"wpb-content-wrapper\"><p>[vc_row full_width=&#8221;stretch_row&#8221;][vc_column]<div class=\"ult-spacer spacer-69f2db4c6e9fc\" data-id=\"69f2db4c6e9fc\" data-height=\"90\" data-height-mobile=\"60\" data-height-tab=\"90\" data-height-tab-portrait=\"60\" data-height-mobile-landscape=\"60\" style=\"clear:both;display:block;\"><\/div>[vc_row_inner][vc_column_inner offset=&#8221;vc_col-lg-6 vc_col-md-6 vc_col-xs-12&#8243;][vc_column_text css=&#8221;.vc_custom_1632212869812{padding-top: 30px !important;padding-right: 30px !important;padding-bottom: 30px !important;padding-left: 30px !important;background-color: #f7f7f7 !important;}&#8221;]<\/p>\n<h2 style=\"text-align: left;\">Contact Us Today<\/h2>\n<p style=\"text-align: left;\">You are always welcome to write or call us using the information below.<\/p>\n<p style=\"text-align: left;\"><strong>Sk\u00e5rup\u00f8re Camping<\/strong><br \/>\nSk\u00e5rup\u00f8re Strandvej 56A, 5881 Sk\u00e5rup Fyn, Denmark<\/p>\n<p style=\"text-align: left;\"><a href=\"tel:62232147\">(+45) 62 23 21 47<\/a><br \/>\n<a href=\"mailto:hck@ny-post.dk\">hck@ny-post.dk<\/a><\/p>\n<p style=\"text-align: left;\">CVR no.: 15311584<\/p>\n<p>[\/vc_column_text]<div class=\"ult-spacer spacer-69f2db4c6ea42\" data-id=\"69f2db4c6ea42\" data-height=\"0\" data-height-mobile=\"30\" data-height-tab=\"0\" data-height-tab-portrait=\"30\" data-height-mobile-landscape=\"30\" style=\"clear:both;display:block;\"><\/div>[\/vc_column_inner][vc_column_inner offset=&#8221;vc_col-lg-6 vc_col-md-6 vc_col-xs-12&#8243;][vc_column_text]<\/p>\n<h3>Write to Us<\/h3>\n<p>[\/vc_column_text][vc_empty_space height=&#8221;15px&#8221;][vc_raw_html]W2Zvcm1pbmF0b3JfZm9ybSBpZD0iNjYiXQ==[\/vc_raw_html][\/vc_column_inner][\/vc_row_inner]<div class=\"ult-spacer spacer-69f2db4c6ea66\" data-id=\"69f2db4c6ea66\" data-height=\"90\" data-height-mobile=\"60\" data-height-tab=\"90\" data-height-tab-portrait=\"60\" data-height-mobile-landscape=\"60\" style=\"clear:both;display:block;\"><\/div>[\/vc_column][\/vc_row][vc_row full_width=&#8221;stretch_row_content_no_spaces&#8221;][vc_column][vc_gmaps link=&#8221;#E-8_JTNDaWZyYW1lJTIwc3JjJTNEJTIyaHR0cHMlM0ElMkYlMkZ3d3cuZ29vZ2xlLmNvbSUyRm1hcHMlMkZlbWJlZCUzRnBiJTNEJTIxMW0xOCUyMTFtMTIlMjExbTMlMjExZDczMTIwLjMxMzc1ODQ0NDQ1JTIxMmQxMC42Mzg3ODg3OTIwNzQwMzYlMjEzZDU1LjA2MDU2Mzk1MjUzNjE1JTIxMm0zJTIxMWYwJTIxMmYwJTIxM2YwJTIxM20yJTIxMWkxMDI0JTIxMmk3NjglMjE0ZjEzLjElMjEzbTMlMjExbTIlMjExczB4NDY0ZDM1MDFiZDlhMGJhMyUyNTNBMHgyN2Q3NDk1ZmE3ZTJhM2U4JTIxMnNTayUyNUMzJTI1QTVydXAlMjVDMyUyNUI4cmUlMjUyMFN0cmFuZHZlaiUyNTIwNTZBJTI1MkMlMjUyMDU4ODElMjUyMFNrJTI1QzMlMjVBNXJ1cCUyNTIwRnluJTIxNWUwJTIxM20yJTIxMXNkYSUyMTJzZGslMjE0djE2MzIyMDg1MDE2OTklMjE1bTIlMjExc2RhJTIxMnNkayUyMiUyMHdpZHRoJTNEJTIyNjAwJTIyJTIwaGVpZ2h0JTNEJTIyNDUwJTIyJTIwc3R5bGUlM0QlMjJib3JkZXIlM0EwJTNCJTIyJTIwYWxsb3dmdWxsc2NyZWVuJTNEJTIyJTIyJTIwbG9hZGluZyUzRCUyMmxhenklMjIlM0UlM0MlMkZpZnJhbWUlM0U=&#8221; size=&#8221;400px&#8221;][\/vc_column][\/vc_row]<\/p>\n<\/section>","protected":false},"excerpt":{"rendered":"<p>Do you have any questions or comments? Use the form on this page, and we will get back to you as soon as possible. <\/p>\n","protected":false},"author":1,"featured_media":0,"parent":0,"menu_order":0,"comment_status":"closed","ping_status":"closed","template":"","meta":{"_acf_changed":false,"footnotes":""},"categories":[],"class_list":["post-3058","page","type-page","status-publish"],"acf":[],"yoast_head":"<!-- This site is optimized with the Yoast SEO plugin v27.2 - https:\/\/yoast.com\/product\/yoast-seo-wordpress\/ -->\n<title>Book a Spot &#183; Sk\u00e5rup\u00f8re Camping<\/title>\n<meta name=\"robots\" content=\"index, follow, max-snippet:-1, max-image-preview:large, max-video-preview:-1\" \/>\n<link rel=\"canonical\" href=\"https:\/\/skaarupoerecamping.dk\/en\/book-a-spot\/\" \/>\n<meta property=\"og:locale\" content=\"en_US\" \/>\n<meta property=\"og:type\" content=\"article\" \/>\n<meta property=\"og:title\" content=\"Book a Spot &#183; Sk\u00e5rup\u00f8re Camping\" \/>\n<meta property=\"og:description\" content=\"Do you have any questions or comments? Use the form on this page, and we will get back to you as soon as possible.\" \/>\n<meta property=\"og:url\" content=\"https:\/\/skaarupoerecamping.dk\/en\/book-a-spot\/\" \/>\n<meta property=\"og:site_name\" content=\"Sk\u00e5rup\u00f8re Camping\" \/>\n<meta property=\"article:modified_time\" content=\"2025-07-31T12:22:45+00:00\" \/>\n<meta name=\"twitter:card\" content=\"summary_large_image\" \/>\n<meta name=\"twitter:label1\" content=\"Est. reading time\" \/>\n\t<meta name=\"twitter:data1\" content=\"1 minute\" \/>\n<script type=\"application\/ld+json\" class=\"yoast-schema-graph\">{\"@context\":\"https:\/\/schema.org\",\"@graph\":[{\"@type\":\"WebPage\",\"@id\":\"https:\/\/skaarupoerecamping.dk\/en\/book-a-spot\/\",\"url\":\"https:\/\/skaarupoerecamping.dk\/en\/book-a-spot\/\",\"name\":\"Book a Spot &#183; Sk\u00e5rup\u00f8re Camping\",\"isPartOf\":{\"@id\":\"https:\/\/skaarupoerecamping.dk\/en\/#website\"},\"datePublished\":\"2020-02-12T12:11:38+00:00\",\"dateModified\":\"2025-07-31T12:22:45+00:00\",\"breadcrumb\":{\"@id\":\"https:\/\/skaarupoerecamping.dk\/en\/book-a-spot\/#breadcrumb\"},\"inLanguage\":\"en-US\",\"potentialAction\":[{\"@type\":\"ReadAction\",\"target\":[\"https:\/\/skaarupoerecamping.dk\/en\/book-a-spot\/\"]}]},{\"@type\":\"BreadcrumbList\",\"@id\":\"https:\/\/skaarupoerecamping.dk\/en\/book-a-spot\/#breadcrumb\",\"itemListElement\":[{\"@type\":\"ListItem\",\"position\":1,\"name\":\"Hjem\",\"item\":\"https:\/\/skaarupoerecamping.dk\/en\/home\/\"},{\"@type\":\"ListItem\",\"position\":2,\"name\":\"Book a Spot\"}]},{\"@type\":\"WebSite\",\"@id\":\"https:\/\/skaarupoerecamping.dk\/en\/#website\",\"url\":\"https:\/\/skaarupoerecamping.dk\/en\/\",\"name\":\"Sk\u00e5rup\u00f8re Camping\",\"description\":\"Camping Svendborg\",\"publisher\":{\"@id\":\"https:\/\/skaarupoerecamping.dk\/en\/#organization\"},\"potentialAction\":[{\"@type\":\"SearchAction\",\"target\":{\"@type\":\"EntryPoint\",\"urlTemplate\":\"https:\/\/skaarupoerecamping.dk\/en\/?s={search_term_string}\"},\"query-input\":{\"@type\":\"PropertyValueSpecification\",\"valueRequired\":true,\"valueName\":\"search_term_string\"}}],\"inLanguage\":\"en-US\"},{\"@type\":\"Organization\",\"@id\":\"https:\/\/skaarupoerecamping.dk\/en\/#organization\",\"name\":\"Sk\u00e5rup\u00f8re Camping\",\"url\":\"https:\/\/skaarupoerecamping.dk\/en\/\",\"logo\":{\"@type\":\"ImageObject\",\"inLanguage\":\"en-US\",\"@id\":\"https:\/\/skaarupoerecamping.dk\/en\/#\/schema\/logo\/image\/\",\"url\":\"https:\/\/skaarupoerecamping.dk\/wp-content\/uploads\/2021\/09\/Skaarupoere-logo.svg\",\"contentUrl\":\"https:\/\/skaarupoerecamping.dk\/wp-content\/uploads\/2021\/09\/Skaarupoere-logo.svg\",\"width\":264,\"height\":29,\"caption\":\"Sk\u00e5rup\u00f8re Camping\"},\"image\":{\"@id\":\"https:\/\/skaarupoerecamping.dk\/en\/#\/schema\/logo\/image\/\"}}]}<\/script>\n<!-- \/ Yoast SEO plugin. -->","yoast_head_json":{"title":"Book a Spot &#183; Sk\u00e5rup\u00f8re Camping","robots":{"index":"index","follow":"follow","max-snippet":"max-snippet:-1","max-image-preview":"max-image-preview:large","max-video-preview":"max-video-preview:-1"},"canonical":"https:\/\/skaarupoerecamping.dk\/en\/book-a-spot\/","og_locale":"en_US","og_type":"article","og_title":"Book a Spot &#183; Sk\u00e5rup\u00f8re Camping","og_description":"Do you have any questions or comments? Use the form on this page, and we will get back to you as soon as possible.","og_url":"https:\/\/skaarupoerecamping.dk\/en\/book-a-spot\/","og_site_name":"Sk\u00e5rup\u00f8re Camping","article_modified_time":"2025-07-31T12:22:45+00:00","twitter_card":"summary_large_image","twitter_misc":{"Est. reading time":"1 minute"},"schema":{"@context":"https:\/\/schema.org","@graph":[{"@type":"WebPage","@id":"https:\/\/skaarupoerecamping.dk\/en\/book-a-spot\/","url":"https:\/\/skaarupoerecamping.dk\/en\/book-a-spot\/","name":"Book a Spot &#183; Sk\u00e5rup\u00f8re Camping","isPartOf":{"@id":"https:\/\/skaarupoerecamping.dk\/en\/#website"},"datePublished":"2020-02-12T12:11:38+00:00","dateModified":"2025-07-31T12:22:45+00:00","breadcrumb":{"@id":"https:\/\/skaarupoerecamping.dk\/en\/book-a-spot\/#breadcrumb"},"inLanguage":"en-US","potentialAction":[{"@type":"ReadAction","target":["https:\/\/skaarupoerecamping.dk\/en\/book-a-spot\/"]}]},{"@type":"BreadcrumbList","@id":"https:\/\/skaarupoerecamping.dk\/en\/book-a-spot\/#breadcrumb","itemListElement":[{"@type":"ListItem","position":1,"name":"Hjem","item":"https:\/\/skaarupoerecamping.dk\/en\/home\/"},{"@type":"ListItem","position":2,"name":"Book a Spot"}]},{"@type":"WebSite","@id":"https:\/\/skaarupoerecamping.dk\/en\/#website","url":"https:\/\/skaarupoerecamping.dk\/en\/","name":"Sk\u00e5rup\u00f8re Camping","description":"Camping Svendborg","publisher":{"@id":"https:\/\/skaarupoerecamping.dk\/en\/#organization"},"potentialAction":[{"@type":"SearchAction","target":{"@type":"EntryPoint","urlTemplate":"https:\/\/skaarupoerecamping.dk\/en\/?s={search_term_string}"},"query-input":{"@type":"PropertyValueSpecification","valueRequired":true,"valueName":"search_term_string"}}],"inLanguage":"en-US"},{"@type":"Organization","@id":"https:\/\/skaarupoerecamping.dk\/en\/#organization","name":"Sk\u00e5rup\u00f8re Camping","url":"https:\/\/skaarupoerecamping.dk\/en\/","logo":{"@type":"ImageObject","inLanguage":"en-US","@id":"https:\/\/skaarupoerecamping.dk\/en\/#\/schema\/logo\/image\/","url":"https:\/\/skaarupoerecamping.dk\/wp-content\/uploads\/2021\/09\/Skaarupoere-logo.svg","contentUrl":"https:\/\/skaarupoerecamping.dk\/wp-content\/uploads\/2021\/09\/Skaarupoere-logo.svg","width":264,"height":29,"caption":"Sk\u00e5rup\u00f8re Camping"},"image":{"@id":"https:\/\/skaarupoerecamping.dk\/en\/#\/schema\/logo\/image\/"}}]}},"_links":{"self":[{"href":"https:\/\/skaarupoerecamping.dk\/en\/wp-json\/wp\/v2\/pages\/3058","targetHints":{"allow":["GET"]}}],"collection":[{"href":"https:\/\/skaarupoerecamping.dk\/en\/wp-json\/wp\/v2\/pages"}],"about":[{"href":"https:\/\/skaarupoerecamping.dk\/en\/wp-json\/wp\/v2\/types\/page"}],"author":[{"embeddable":true,"href":"https:\/\/skaarupoerecamping.dk\/en\/wp-json\/wp\/v2\/users\/1"}],"replies":[{"embeddable":true,"href":"https:\/\/skaarupoerecamping.dk\/en\/wp-json\/wp\/v2\/comments?post=3058"}],"version-history":[{"count":2,"href":"https:\/\/skaarupoerecamping.dk\/en\/wp-json\/wp\/v2\/pages\/3058\/revisions"}],"predecessor-version":[{"id":3062,"href":"https:\/\/skaarupoerecamping.dk\/en\/wp-json\/wp\/v2\/pages\/3058\/revisions\/3062"}],"wp:attachment":[{"href":"https:\/\/skaarupoerecamping.dk\/en\/wp-json\/wp\/v2\/media?parent=3058"}],"wp:term":[{"taxonomy":"category","embeddable":true,"href":"https:\/\/skaarupoerecamping.dk\/en\/wp-json\/wp\/v2\/categories?post=3058"}],"curies":[{"name":"wp","href":"https:\/\/api.w.org\/{rel}","templated":true}]}}